{"id":124,"date":"2022-09-05T11:48:07","date_gmt":"2022-09-05T09:48:07","guid":{"rendered":"https:\/\/demo.shadow-themes.com\/wp\/anita\/?page_id=124"},"modified":"2023-04-30T15:12:15","modified_gmt":"2023-04-30T13:12:15","slug":"get-in-touch","status":"publish","type":"page","link":"https:\/\/marcelsworld.com\/?page_id=124","title":{"rendered":"Contact"},"content":{"rendered":"\t\t<div data-elementor-type=\"wp-page\" data-elementor-id=\"124\" class=\"elementor elementor-124\">\n\t\t\t\t\t\t\t\t\t<section class=\"elementor-section elementor-top-section elementor-element elementor-element-0075d75 elementor-section-boxed elementor-section-height-default elementor-section-height-default\" data-id=\"0075d75\" data-element_type=\"section\">\n\t\t\t\t\t\t<div class=\"elementor-container elementor-column-gap-no\">\n\t\t\t\t\t<div class=\"elementor-column elementor-col-33 elementor-top-column elementor-element elementor-element-f286c7f\" data-id=\"f286c7f\" data-element_type=\"column\">\n\t\t\t<div class=\"elementor-widget-wrap elementor-element-populated\">\n\t\t\t\t\t\t\t\t<div class=\"elementor-element elementor-element-1579543 elementor-widget elementor-widget-wp-widget-shadow_contacts_widget\" data-id=\"1579543\" data-element_type=\"widget\" data-widget_type=\"wp-widget-shadow_contacts_widget.default\">\n\t\t\t\t<div class=\"elementor-widget-container\">\n\t\t\t<h5>Marcel Hude\u010dek<\/h5><div class=\"anita-widget--contacts\">\r\n\t<div class=\"anita-widget--contacts__descr\">If you are interested in creating a video, please contact me by submitting the contact form.<\/div>\r\n\t<ul class=\"anita-contact-details__list has-labels\">\r\n\t<li>\r\n\t\t\t\t<i class=\"dashicons dashicons-email\"><\/i>\r\n\t\t\t\t<a href=\"mailto:info@marcelsworld.com\">info@marcelsworld.com<\/a>\r\n\t\t\t<\/li><li class=\"anita-contact-socials\">\r\n\t\t\t\t<i class=\"dashicons dashicons-share\"><\/i><ul class=\"anita-socials anita-socials--icons\"><li><a href=\"#\" class=\"anita-socials--facebook\" target=\"_blank\"><svg xmlns=\"http:\/\/www.w3.org\/2000\/svg\" width=\"64\" height=\"64\" viewBox=\"0 0 64 64\"><path d=\"M38.5-52q-6.063,0-9.187,3.25Q26-45.312,26-38.375V-30H16v10H26V4H36V-20h8l2-10H36v-6.687a6.4,6.4,0,0,1,1.031-4.031A4.208,4.208,0,0,1,40.5-42H46v-9.562A54.23,54.23,0,0,0,38.5-52Z\" transform=\"translate(0 56)\" fill=\"#fff\"\/><\/svg><\/a><\/li><li><a href=\"#\" class=\"anita-socials--patreon\" target=\"_blank\"><svg xmlns=\"http:\/\/www.w3.org\/2000\/svg\" width=\"64\" height=\"64\" viewBox=\"0 0 64 64\"><path d=\"M8-48V0H22V-48Zm35,0a16.617,16.617,0,0,0-8.531,2.281,16.947,16.947,0,0,0-6.187,6.188A16.617,16.617,0,0,0,26-31a16.617,16.617,0,0,0,2.281,8.531,16.947,16.947,0,0,0,6.188,6.188A16.617,16.617,0,0,0,43-14a16.617,16.617,0,0,0,8.531-2.281,16.947,16.947,0,0,0,6.188-6.187A16.617,16.617,0,0,0,60-31a16.617,16.617,0,0,0-2.281-8.531,16.947,16.947,0,0,0-6.187-6.187A16.617,16.617,0,0,0,43-48ZM12-44h6V-4H12Zm31,0a12.677,12.677,0,0,1,6.5,1.75,12.984,12.984,0,0,1,4.75,4.75A12.677,12.677,0,0,1,56-31a12.677,12.677,0,0,1-1.75,6.5,12.984,12.984,0,0,1-4.75,4.75A12.677,12.677,0,0,1,43-18a12.677,12.677,0,0,1-6.5-1.75,12.984,12.984,0,0,1-4.75-4.75A12.677,12.677,0,0,1,30-31a12.677,12.677,0,0,1,1.75-6.5,12.984,12.984,0,0,1,4.75-4.75A12.677,12.677,0,0,1,43-44Z\" transform=\"translate(0 56)\" fill=\"#fff\"\/><\/svg><\/a><\/li><li><a href=\"#\" class=\"anita-socials--instagram\" target=\"_blank\"><svg xmlns=\"http:\/\/www.w3.org\/2000\/svg\" width=\"64\" height=\"64\" viewBox=\"0 0 64 64\"><path d=\"M22.938-46a12.511,12.511,0,0,0-6.469,1.75,13.134,13.134,0,0,0-4.719,4.719A12.511,12.511,0,0,0,10-33.062v18.125a12.511,12.511,0,0,0,1.75,6.469A13.134,13.134,0,0,0,16.469-3.75,12.511,12.511,0,0,0,22.938-2H41.063a12.511,12.511,0,0,0,6.469-1.75A13.134,13.134,0,0,0,52.25-8.469,12.511,12.511,0,0,0,54-14.937V-33.062a12.511,12.511,0,0,0-1.75-6.469,13.134,13.134,0,0,0-4.719-4.719A12.511,12.511,0,0,0,41.063-46Zm0,4H41.063a8.862,8.862,0,0,1,4.5,1.188,8.69,8.69,0,0,1,3.25,3.25A8.862,8.862,0,0,1,50-33.062v18.125a8.862,8.862,0,0,1-1.187,4.5,8.69,8.69,0,0,1-3.25,3.25A8.862,8.862,0,0,1,41.063-6H22.938a8.862,8.862,0,0,1-4.5-1.187,8.69,8.69,0,0,1-3.25-3.25A8.862,8.862,0,0,1,14-14.937V-33.062a8.862,8.862,0,0,1,1.188-4.5,8.69,8.69,0,0,1,3.25-3.25A8.862,8.862,0,0,1,22.938-42Zm20.875,4.375a1.746,1.746,0,0,0-1.281.531A1.746,1.746,0,0,0,42-35.812a1.746,1.746,0,0,0,.531,1.281A1.746,1.746,0,0,0,43.813-34a1.746,1.746,0,0,0,1.281-.531,1.746,1.746,0,0,0,.531-1.281,1.746,1.746,0,0,0-.531-1.281A1.746,1.746,0,0,0,43.813-37.625ZM32-36a11.582,11.582,0,0,0-6,1.625A12.229,12.229,0,0,0,21.625-30,11.582,11.582,0,0,0,20-24a11.582,11.582,0,0,0,1.625,6A12.23,12.23,0,0,0,26-13.625,11.582,11.582,0,0,0,32-12a11.582,11.582,0,0,0,6-1.625A12.23,12.23,0,0,0,42.375-18,11.582,11.582,0,0,0,44-24a11.582,11.582,0,0,0-1.625-6A12.229,12.229,0,0,0,38-34.375,11.582,11.582,0,0,0,32-36Zm0,4a7.932,7.932,0,0,1,4.031,1.063,7.783,7.783,0,0,1,2.906,2.906A7.932,7.932,0,0,1,40-24a7.932,7.932,0,0,1-1.062,4.031,7.783,7.783,0,0,1-2.906,2.906A7.932,7.932,0,0,1,32-16a7.932,7.932,0,0,1-4.031-1.062,7.783,7.783,0,0,1-2.906-2.906A7.932,7.932,0,0,1,24-24a7.932,7.932,0,0,1,1.063-4.031,7.783,7.783,0,0,1,2.906-2.906A7.932,7.932,0,0,1,32-32Z\" transform=\"translate(0 56)\" fill=\"#fff\"\/><\/svg><\/a><\/li><li><a href=\"#\" class=\"anita-socials--youtube\" target=\"_blank\"><svg xmlns=\"http:\/\/www.w3.org\/2000\/svg\" width=\"64\" height=\"64\" viewBox=\"0 0 64 64\"><path d=\"M32-44a126.593,126.593,0,0,0-18.25,1.375A7.91,7.91,0,0,0,9.344-40.5a7.5,7.5,0,0,0-2.281,4.25A68.057,68.057,0,0,0,6-24,68.057,68.057,0,0,0,7.063-11.75,7.423,7.423,0,0,0,9.375-7.5,8.022,8.022,0,0,0,13.75-5.375,126.594,126.594,0,0,0,32-4,126.594,126.594,0,0,0,50.25-5.375,8.022,8.022,0,0,0,54.625-7.5a7.423,7.423,0,0,0,2.313-4.25A68.24,68.24,0,0,0,58-24.031,67.206,67.206,0,0,0,56.938-36.25a7.5,7.5,0,0,0-2.281-4.25,7.91,7.91,0,0,0-4.406-2.125A126.593,126.593,0,0,0,32-44Zm0,4a123.345,123.345,0,0,1,17.688,1.313,3.855,3.855,0,0,1,2.156,1.063A3.967,3.967,0,0,1,53-35.5,63.526,63.526,0,0,1,54-24a63.526,63.526,0,0,1-1,11.5,3.967,3.967,0,0,1-1.156,2.125,3.855,3.855,0,0,1-2.156,1.063A123.345,123.345,0,0,1,32-8,123.345,123.345,0,0,1,14.313-9.312a3.855,3.855,0,0,1-2.156-1.062A3.967,3.967,0,0,1,11-12.5,63.526,63.526,0,0,1,10-24a63.526,63.526,0,0,1,1-11.5,3.967,3.967,0,0,1,1.156-2.125,3.855,3.855,0,0,1,2.156-1.062A122.472,122.472,0,0,1,32-40Zm-6,4.563v22.875l3-1.687,14-8L46-24l-3-1.75-14-8Zm4,6.875L37.938-24,30-19.437Z\" transform=\"translate(0 56)\" fill=\"#fff\"\/><\/svg><\/a><\/li><li><a href=\"#\" class=\"anita-socials--tiktok\" target=\"_blank\"><svg xmlns=\"http:\/\/www.w3.org\/2000\/svg\" xmlns:xlink=\"http:\/\/www.w3.org\/1999\/xlink\" width=\"64\" height=\"64\" viewBox=\"0 0 64 64\"><path d=\"M38.628,18.044A18.057,18.057,0,0,1,28.074,14.67V30.033A13.973,13.973,0,1,1,16.02,16.187v7.727a6.414,6.414,0,1,0,4.49,6.119V0h7.565a10.416,10.416,0,0,0,.16,1.906h0a10.5,10.5,0,0,0,4.634,6.9,10.438,10.438,0,0,0,5.759,1.731Z\" transform=\"translate(12.622 9.999)\" fill=\"#fff\"\/><\/svg>\r\n\t\t\t\t<\/a><\/li><\/ul><!-- .anita-socials -->\t\t\t<\/li>\t<\/ul>\r\n<\/div>\t\t<\/div>\n\t\t\t\t<\/div>\n\t\t\t\t\t<\/div>\n\t\t<\/div>\n\t\t\t\t<div class=\"elementor-column elementor-col-66 elementor-top-column elementor-element elementor-element-74e2d3e\" data-id=\"74e2d3e\" data-element_type=\"column\">\n\t\t\t<div class=\"elementor-widget-wrap elementor-element-populated\">\n\t\t\t\t\t\t\t\t<div class=\"elementor-element elementor-element-774c1ae elementor-widget elementor-widget-shortcode\" data-id=\"774c1ae\" data-element_type=\"widget\" data-widget_type=\"shortcode.default\">\n\t\t\t\t<div class=\"elementor-widget-container\">\n\t\t\t\t\t<div class=\"elementor-shortcode\">\n<div class=\"wpcf7 no-js\" id=\"wpcf7-f221-o1\" lang=\"en-US\" dir=\"ltr\">\n<div class=\"screen-reader-response\"><p role=\"status\" aria-live=\"polite\" aria-atomic=\"true\"><\/p> <ul><\/ul><\/div>\n<form action=\"\/index.php?rest_route=%2Fwp%2Fv2%2Fpages%2F124#wpcf7-f221-o1\" method=\"post\" class=\"wpcf7-form init\" aria-label=\"Contact form\" novalidate=\"novalidate\" data-status=\"init\">\n<div style=\"display: none;\">\n<input type=\"hidden\" name=\"_wpcf7\" value=\"221\" \/>\n<input type=\"hidden\" name=\"_wpcf7_version\" value=\"5.7.5.1\" \/>\n<input type=\"hidden\" name=\"_wpcf7_locale\" value=\"en_US\" \/>\n<input type=\"hidden\" name=\"_wpcf7_unit_tag\" value=\"wpcf7-f221-o1\" \/>\n<input type=\"hidden\" name=\"_wpcf7_container_post\" value=\"0\" \/>\n<input type=\"hidden\" name=\"_wpcf7_posted_data_hash\" value=\"\" \/>\n<\/div>\n<div class=\"anita-contact-grid anita-grid anita-grid-small-gap anita-grid--3cols\">\n\t<p><span class=\"wpcf7-form-control-wrap\" data-name=\"your-name\"><input size=\"40\" class=\"wpcf7-form-control wpcf7-text wpcf7-validates-as-required\" aria-required=\"true\" aria-invalid=\"false\" placeholder=\"Your Name\" value=\"\" type=\"text\" name=\"your-name\" \/><\/span><br \/>\n<span class=\"wpcf7-form-control-wrap\" data-name=\"your-email\"><input size=\"40\" class=\"wpcf7-form-control wpcf7-text wpcf7-email wpcf7-validates-as-required wpcf7-validates-as-email\" aria-required=\"true\" aria-invalid=\"false\" placeholder=\"Your Email\" value=\"\" type=\"email\" name=\"your-email\" \/><\/span><br \/>\n<span class=\"wpcf7-form-control-wrap\" data-name=\"your-tel\"><input size=\"40\" class=\"wpcf7-form-control wpcf7-text wpcf7-tel wpcf7-validates-as-tel\" aria-invalid=\"false\" placeholder=\"Your Phone\" value=\"\" type=\"tel\" name=\"your-tel\" \/><\/span>\n\t<\/p>\n<\/div>\n<p><span class=\"wpcf7-form-control-wrap\" data-name=\"your-message\"><textarea cols=\"40\" rows=\"10\" class=\"wpcf7-form-control wpcf7-textarea\" aria-invalid=\"false\" placeholder=\"Your Message\" name=\"your-message\"><\/textarea><\/span><input class=\"wpcf7-form-control has-spinner wpcf7-submit\" type=\"submit\" value=\"Send Message\" \/>\n<\/p><input type='hidden' class='wpcf7-pum' value='{\"closepopup\":false,\"closedelay\":0,\"openpopup\":false,\"openpopup_id\":0}' \/><div class=\"wpcf7-response-output\" aria-hidden=\"true\"><\/div>\n<\/form>\n<\/div>\n<\/div>\n\t\t\t\t<\/div>\n\t\t\t\t<\/div>\n\t\t\t\t\t<\/div>\n\t\t<\/div>\n\t\t\t\t\t\t\t<\/div>\n\t\t<\/section>\n\t\t\t\t\t\t\t<\/div>\n\t\t","protected":false},"excerpt":{"rendered":"","protected":false},"author":1,"featured_media":101,"parent":0,"menu_order":0,"comment_status":"closed","ping_status":"closed","template":"","meta":{"_mi_skip_tracking":false},"yoast_head":"<!-- This site is optimized with the Yoast SEO plugin v20.5 - https:\/\/yoast.com\/wordpress\/plugins\/seo\/ -->\n<title>Contact - Marcel&#039;s World<\/title>\n<meta name=\"robots\" content=\"index, follow, max-snippet:-1, max-image-preview:large, max-video-preview:-1\" \/>\n<link rel=\"canonical\" href=\"https:\/\/marcelsworld.com\/?page_id=124\" \/>\n<meta property=\"og:locale\" content=\"sk_SK\" \/>\n<meta property=\"og:type\" content=\"article\" \/>\n<meta property=\"og:title\" content=\"Contact - Marcel&#039;s World\" \/>\n<meta property=\"og:url\" content=\"https:\/\/marcelsworld.com\/?page_id=124\" \/>\n<meta property=\"og:site_name\" content=\"Marcel&#039;s World\" \/>\n<meta property=\"article:modified_time\" content=\"2023-04-30T13:12:15+00:00\" \/>\n<meta property=\"og:image\" content=\"http:\/\/marcelsworld.com\/wp-content\/uploads\/2022\/09\/bg_contacts.jpg\" \/>\n\t<meta property=\"og:image:width\" content=\"1920\" \/>\n\t<meta property=\"og:image:height\" content=\"1080\" \/>\n\t<meta property=\"og:image:type\" content=\"image\/jpeg\" \/>\n<meta name=\"twitter:card\" content=\"summary_large_image\" \/>\n<meta name=\"twitter:label1\" content=\"Predpokladan\u00fd \u010das \u010d\u00edtania\" \/>\n\t<meta name=\"twitter:data1\" content=\"1 min\u00fata\" \/>\n<script type=\"application\/ld+json\" class=\"yoast-schema-graph\">{\"@context\":\"https:\/\/schema.org\",\"@graph\":[{\"@type\":\"WebPage\",\"@id\":\"https:\/\/marcelsworld.com\/?page_id=124\",\"url\":\"https:\/\/marcelsworld.com\/?page_id=124\",\"name\":\"Contact - Marcel&#039;s World\",\"isPartOf\":{\"@id\":\"https:\/\/marcelsworld.com\/#website\"},\"datePublished\":\"2022-09-05T09:48:07+00:00\",\"dateModified\":\"2023-04-30T13:12:15+00:00\",\"breadcrumb\":{\"@id\":\"https:\/\/marcelsworld.com\/?page_id=124#breadcrumb\"},\"inLanguage\":\"sk-SK\",\"potentialAction\":[{\"@type\":\"ReadAction\",\"target\":[\"https:\/\/marcelsworld.com\/?page_id=124\"]}]},{\"@type\":\"BreadcrumbList\",\"@id\":\"https:\/\/marcelsworld.com\/?page_id=124#breadcrumb\",\"itemListElement\":[{\"@type\":\"ListItem\",\"position\":1,\"name\":\"Home\",\"item\":\"https:\/\/marcelsworld.com\/\"},{\"@type\":\"ListItem\",\"position\":2,\"name\":\"Contact\"}]},{\"@type\":\"WebSite\",\"@id\":\"https:\/\/marcelsworld.com\/#website\",\"url\":\"https:\/\/marcelsworld.com\/\",\"name\":\"Marcel&#039;s World\",\"description\":\"18+ video creator\",\"potentialAction\":[{\"@type\":\"SearchAction\",\"target\":{\"@type\":\"EntryPoint\",\"urlTemplate\":\"https:\/\/marcelsworld.com\/?s={search_term_string}\"},\"query-input\":\"required name=search_term_string\"}],\"inLanguage\":\"sk-SK\"}]}<\/script>\n<!-- \/ Yoast SEO plugin. -->","yoast_head_json":{"title":"Contact - Marcel&#039;s World","robots":{"index":"index","follow":"follow","max-snippet":"max-snippet:-1","max-image-preview":"max-image-preview:large","max-video-preview":"max-video-preview:-1"},"canonical":"https:\/\/marcelsworld.com\/?page_id=124","og_locale":"sk_SK","og_type":"article","og_title":"Contact - Marcel&#039;s World","og_url":"https:\/\/marcelsworld.com\/?page_id=124","og_site_name":"Marcel&#039;s World","article_modified_time":"2023-04-30T13:12:15+00:00","og_image":[{"width":1920,"height":1080,"url":"http:\/\/marcelsworld.com\/wp-content\/uploads\/2022\/09\/bg_contacts.jpg","type":"image\/jpeg"}],"twitter_card":"summary_large_image","twitter_misc":{"Predpokladan\u00fd \u010das \u010d\u00edtania":"1 min\u00fata"},"schema":{"@context":"https:\/\/schema.org","@graph":[{"@type":"WebPage","@id":"https:\/\/marcelsworld.com\/?page_id=124","url":"https:\/\/marcelsworld.com\/?page_id=124","name":"Contact - Marcel&#039;s World","isPartOf":{"@id":"https:\/\/marcelsworld.com\/#website"},"datePublished":"2022-09-05T09:48:07+00:00","dateModified":"2023-04-30T13:12:15+00:00","breadcrumb":{"@id":"https:\/\/marcelsworld.com\/?page_id=124#breadcrumb"},"inLanguage":"sk-SK","potentialAction":[{"@type":"ReadAction","target":["https:\/\/marcelsworld.com\/?page_id=124"]}]},{"@type":"BreadcrumbList","@id":"https:\/\/marcelsworld.com\/?page_id=124#breadcrumb","itemListElement":[{"@type":"ListItem","position":1,"name":"Home","item":"https:\/\/marcelsworld.com\/"},{"@type":"ListItem","position":2,"name":"Contact"}]},{"@type":"WebSite","@id":"https:\/\/marcelsworld.com\/#website","url":"https:\/\/marcelsworld.com\/","name":"Marcel&#039;s World","description":"18+ video creator","potentialAction":[{"@type":"SearchAction","target":{"@type":"EntryPoint","urlTemplate":"https:\/\/marcelsworld.com\/?s={search_term_string}"},"query-input":"required name=search_term_string"}],"inLanguage":"sk-SK"}]}},"_links":{"self":[{"href":"https:\/\/marcelsworld.com\/index.php?rest_route=\/wp\/v2\/pages\/124"}],"collection":[{"href":"https:\/\/marcelsworld.com\/index.php?rest_route=\/wp\/v2\/pages"}],"about":[{"href":"https:\/\/marcelsworld.com\/index.php?rest_route=\/wp\/v2\/types\/page"}],"author":[{"embeddable":true,"href":"https:\/\/marcelsworld.com\/index.php?rest_route=\/wp\/v2\/users\/1"}],"replies":[{"embeddable":true,"href":"https:\/\/marcelsworld.com\/index.php?rest_route=%2Fwp%2Fv2%2Fcomments&post=124"}],"version-history":[{"count":4,"href":"https:\/\/marcelsworld.com\/index.php?rest_route=\/wp\/v2\/pages\/124\/revisions"}],"predecessor-version":[{"id":810,"href":"https:\/\/marcelsworld.com\/index.php?rest_route=\/wp\/v2\/pages\/124\/revisions\/810"}],"wp:featuredmedia":[{"embeddable":true,"href":"https:\/\/marcelsworld.com\/index.php?rest_route=\/wp\/v2\/media\/101"}],"wp:attachment":[{"href":"https:\/\/marcelsworld.com\/index.php?rest_route=%2Fwp%2Fv2%2Fmedia&parent=124"}],"curies":[{"name":"wp","href":"https:\/\/api.w.org\/{rel}","templated":true}]}}